{"id":721,"date":"2024-05-17T17:50:48","date_gmt":"2024-05-17T13:50:48","guid":{"rendered":"https:\/\/minifootball.az\/mini\/?page_id=721"},"modified":"2024-05-17T17:52:38","modified_gmt":"2024-05-17T13:52:38","slug":"milli-cempionat-klublar","status":"publish","type":"page","link":"https:\/\/minifootball.az\/mini\/?page_id=721","title":{"rendered":"KLUBLAR"},"content":{"rendered":"\n<p>Federasiyan\u0131n \u0259sas f\u0259aliyy\u0259t istiqam\u0259tl\u0259rind\u0259n biri \u00f6lk\u0259daxili v\u0259 beyn\u0259lxalq yar\u0131\u015flar\u0131n t\u0259\u015fkilidir. Az\u0259rbaycanda minifutbol \u00fczr\u0259 ilk milli \u00e7empionat 2018-ci ild\u0259 ke\u00e7irilib. H\u0259min yar\u0131\u015fda 32 komanda m\u00fcbariz\u0259 apar\u0131b. Haz\u0131rda minifutbol \u00fczr\u0259 Az\u0259rbaycan \u00e7empionat\u0131nda 16 komanda i\u015ftirak edir.<\/p>\n\n\n\n<figure class=\"wp-block-gallery has-nested-images columns-2 is-cropped wp-block-gallery-1 is-layout-flex wp-block-gallery-is-layout-flex\">\n<figure class=\"wp-block-image size-large\"><img fetchpriority=\"high\" decoding=\"async\" width=\"1024\" height=\"1024\" data-id=\"134\" src=\"https:\/\/minifootball.az\/mini\/wp-content\/uploads\/2024\/04\/Birbasa-1024x1024.jpg\" alt=\"\" class=\"wp-image-134\" srcset=\"https:\/\/minifootball.az\/mini\/wp-content\/uploads\/2024\/04\/Birbasa-1024x1024.jpg 1024w, https:\/\/minifootball.az\/mini\/wp-content\/uploads\/2024\/04\/Birbasa-300x300.jpg 300w, https:\/\/minifootball.az\/mini\/wp-content\/uploads\/2024\/04\/Birbasa-150x150.jpg 150w, https:\/\/minifootball.az\/mini\/wp-content\/uploads\/2024\/04\/Birbasa-768x768.jpg 768w, https:\/\/minifootball.az\/mini\/wp-content\/uploads\/2024\/04\/Birbasa-75x75.jpg 75w, https:\/\/minifootball.az\/mini\/wp-content\/uploads\/2024\/04\/Birbasa.jpg 1417w\" sizes=\"(max-width: 1024px) 100vw, 1024px\" \/><\/figure>\n\n\n\n<figure class=\"wp-block-image size-large\"><img decoding=\"async\" width=\"1024\" height=\"1024\" data-id=\"150\" src=\"https:\/\/minifootball.az\/mini\/wp-content\/uploads\/2024\/04\/Zir\u0259-1024x1024.jpg\" alt=\"\" class=\"wp-image-150\" srcset=\"https:\/\/minifootball.az\/mini\/wp-content\/uploads\/2024\/04\/Zir\u0259-1024x1024.jpg 1024w, https:\/\/minifootball.az\/mini\/wp-content\/uploads\/2024\/04\/Zir\u0259-300x300.jpg 300w, https:\/\/minifootball.az\/mini\/wp-content\/uploads\/2024\/04\/Zir\u0259-150x150.jpg 150w, https:\/\/minifootball.az\/mini\/wp-content\/uploads\/2024\/04\/Zir\u0259-768x768.jpg 768w, https:\/\/minifootball.az\/mini\/wp-content\/uploads\/2024\/04\/Zir\u0259-75x75.jpg 75w, https:\/\/minifootball.az\/mini\/wp-content\/uploads\/2024\/04\/Zir\u0259.jpg 1417w\" sizes=\"(max-width: 1024px) 100vw, 1024px\" \/><\/figure>\n\n\n\n<figure class=\"wp-block-image size-large\"><img decoding=\"async\" width=\"1024\" height=\"1024\" data-id=\"156\" src=\"https:\/\/minifootball.az\/mini\/wp-content\/uploads\/2024\/04\/Inter-1-1024x1024.jpg\" alt=\"\" class=\"wp-image-156\" srcset=\"https:\/\/minifootball.az\/mini\/wp-content\/uploads\/2024\/04\/Inter-1-1024x1024.jpg 1024w, https:\/\/minifootball.az\/mini\/wp-content\/uploads\/2024\/04\/Inter-1-300x300.jpg 300w, https:\/\/minifootball.az\/mini\/wp-content\/uploads\/2024\/04\/Inter-1-150x150.jpg 150w, https:\/\/minifootball.az\/mini\/wp-content\/uploads\/2024\/04\/Inter-1-768x768.jpg 768w, https:\/\/minifootball.az\/mini\/wp-content\/uploads\/2024\/04\/Inter-1-75x75.jpg 75w, https:\/\/minifootball.az\/mini\/wp-content\/uploads\/2024\/04\/Inter-1.jpg 1417w\" sizes=\"(max-width: 1024px) 100vw, 1024px\" \/><\/figure>\n\n\n\n<figure class=\"wp-block-image size-large\"><img loading=\"lazy\" decoding=\"async\" width=\"1024\" height=\"1024\" data-id=\"162\" src=\"https:\/\/minifootball.az\/mini\/wp-content\/uploads\/2024\/04\/dircelis-1-1024x1024.jpg\" alt=\"\" class=\"wp-image-162\" srcset=\"https:\/\/minifootball.az\/mini\/wp-content\/uploads\/2024\/04\/dircelis-1-1024x1024.jpg 1024w, https:\/\/minifootball.az\/mini\/wp-content\/uploads\/2024\/04\/dircelis-1-300x300.jpg 300w, https:\/\/minifootball.az\/mini\/wp-content\/uploads\/2024\/04\/dircelis-1-150x150.jpg 150w, https:\/\/minifootball.az\/mini\/wp-content\/uploads\/2024\/04\/dircelis-1-768x768.jpg 768w, https:\/\/minifootball.az\/mini\/wp-content\/uploads\/2024\/04\/dircelis-1-75x75.jpg 75w, https:\/\/minifootball.az\/mini\/wp-content\/uploads\/2024\/04\/dircelis-1.jpg 1417w\" sizes=\"(max-width: 1024px) 100vw, 1024px\" \/><\/figure>\n\n\n\n<figure class=\"wp-block-image size-large\"><img loading=\"lazy\" decoding=\"async\" width=\"1024\" height=\"1024\" data-id=\"161\" src=\"https:\/\/minifootball.az\/mini\/wp-content\/uploads\/2024\/04\/baku-fire-1-1-1024x1024.jpg\" alt=\"\" class=\"wp-image-161\" srcset=\"https:\/\/minifootball.az\/mini\/wp-content\/uploads\/2024\/04\/baku-fire-1-1-1024x1024.jpg 1024w, https:\/\/minifootball.az\/mini\/wp-content\/uploads\/2024\/04\/baku-fire-1-1-300x300.jpg 300w, https:\/\/minifootball.az\/mini\/wp-content\/uploads\/2024\/04\/baku-fire-1-1-150x150.jpg 150w, https:\/\/minifootball.az\/mini\/wp-content\/uploads\/2024\/04\/baku-fire-1-1-768x768.jpg 768w, https:\/\/minifootball.az\/mini\/wp-content\/uploads\/2024\/04\/baku-fire-1-1-75x75.jpg 75w, https:\/\/minifootball.az\/mini\/wp-content\/uploads\/2024\/04\/baku-fire-1-1.jpg 1417w\" sizes=\"(max-width: 1024px) 100vw, 1024px\" \/><\/figure>\n\n\n\n<figure class=\"wp-block-image size-large\"><img loading=\"lazy\" decoding=\"async\" width=\"1024\" height=\"1024\" data-id=\"160\" src=\"https:\/\/minifootball.az\/mini\/wp-content\/uploads\/2024\/04\/dinamo-gence-1024x1024.jpg\" alt=\"\" class=\"wp-image-160\" srcset=\"https:\/\/minifootball.az\/mini\/wp-content\/uploads\/2024\/04\/dinamo-gence-1024x1024.jpg 1024w, https:\/\/minifootball.az\/mini\/wp-content\/uploads\/2024\/04\/dinamo-gence-300x300.jpg 300w, https:\/\/minifootball.az\/mini\/wp-content\/uploads\/2024\/04\/dinamo-gence-150x150.jpg 150w, https:\/\/minifootball.az\/mini\/wp-content\/uploads\/2024\/04\/dinamo-gence-768x768.jpg 768w, https:\/\/minifootball.az\/mini\/wp-content\/uploads\/2024\/04\/dinamo-gence-75x75.jpg 75w, https:\/\/minifootball.az\/mini\/wp-content\/uploads\/2024\/04\/dinamo-gence.jpg 1200w\" sizes=\"(max-width: 1024px) 100vw, 1024px\" \/><\/figure>\n\n\n\n<figure class=\"wp-block-image size-large\"><img loading=\"lazy\" decoding=\"async\" width=\"1024\" height=\"1024\" data-id=\"159\" src=\"https:\/\/minifootball.az\/mini\/wp-content\/uploads\/2024\/04\/atesgah-1-1024x1024.jpg\" alt=\"\" class=\"wp-image-159\" srcset=\"https:\/\/minifootball.az\/mini\/wp-content\/uploads\/2024\/04\/atesgah-1-1024x1024.jpg 1024w, https:\/\/minifootball.az\/mini\/wp-content\/uploads\/2024\/04\/atesgah-1-300x300.jpg 300w, https:\/\/minifootball.az\/mini\/wp-content\/uploads\/2024\/04\/atesgah-1-150x150.jpg 150w, https:\/\/minifootball.az\/mini\/wp-content\/uploads\/2024\/04\/atesgah-1-768x768.jpg 768w, https:\/\/minifootball.az\/mini\/wp-content\/uploads\/2024\/04\/atesgah-1-75x75.jpg 75w, https:\/\/minifootball.az\/mini\/wp-content\/uploads\/2024\/04\/atesgah-1.jpg 1417w\" sizes=\"(max-width: 1024px) 100vw, 1024px\" \/><\/figure>\n\n\n\n<figure class=\"wp-block-image size-large\"><img loading=\"lazy\" decoding=\"async\" width=\"1024\" height=\"1024\" data-id=\"158\" src=\"https:\/\/minifootball.az\/mini\/wp-content\/uploads\/2024\/04\/Abseron-1-1024x1024.jpg\" alt=\"\" class=\"wp-image-158\" srcset=\"https:\/\/minifootball.az\/mini\/wp-content\/uploads\/2024\/04\/Abseron-1-1024x1024.jpg 1024w, https:\/\/minifootball.az\/mini\/wp-content\/uploads\/2024\/04\/Abseron-1-300x300.jpg 300w, https:\/\/minifootball.az\/mini\/wp-content\/uploads\/2024\/04\/Abseron-1-150x150.jpg 150w, https:\/\/minifootball.az\/mini\/wp-content\/uploads\/2024\/04\/Abseron-1-768x768.jpg 768w, https:\/\/minifootball.az\/mini\/wp-content\/uploads\/2024\/04\/Abseron-1-75x75.jpg 75w, https:\/\/minifootball.az\/mini\/wp-content\/uploads\/2024\/04\/Abseron-1.jpg 1417w\" sizes=\"(max-width: 1024px) 100vw, 1024px\" \/><\/figure>\n\n\n\n<figure class=\"wp-block-image size-large\"><img loading=\"lazy\" decoding=\"async\" width=\"1024\" height=\"1024\" data-id=\"157\" src=\"https:\/\/minifootball.az\/mini\/wp-content\/uploads\/2024\/04\/aznur-3-1024x1024.jpg\" alt=\"\" class=\"wp-image-157\" srcset=\"https:\/\/minifootball.az\/mini\/wp-content\/uploads\/2024\/04\/aznur-3-1024x1024.jpg 1024w, https:\/\/minifootball.az\/mini\/wp-content\/uploads\/2024\/04\/aznur-3-300x300.jpg 300w, https:\/\/minifootball.az\/mini\/wp-content\/uploads\/2024\/04\/aznur-3-150x150.jpg 150w, https:\/\/minifootball.az\/mini\/wp-content\/uploads\/2024\/04\/aznur-3-768x768.jpg 768w, https:\/\/minifootball.az\/mini\/wp-content\/uploads\/2024\/04\/aznur-3-75x75.jpg 75w, https:\/\/minifootball.az\/mini\/wp-content\/uploads\/2024\/04\/aznur-3.jpg 1417w\" sizes=\"(max-width: 1024px) 100vw, 1024px\" \/><\/figure>\n\n\n\n<figure class=\"wp-block-image size-large\"><img loading=\"lazy\" decoding=\"async\" width=\"1024\" height=\"1024\" data-id=\"153\" src=\"https:\/\/minifootball.az\/mini\/wp-content\/uploads\/2024\/04\/Qalaksi-1-1024x1024.jpg\" alt=\"\" class=\"wp-image-153\" srcset=\"https:\/\/minifootball.az\/mini\/wp-content\/uploads\/2024\/04\/Qalaksi-1-1024x1024.jpg 1024w, https:\/\/minifootball.az\/mini\/wp-content\/uploads\/2024\/04\/Qalaksi-1-300x300.jpg 300w, https:\/\/minifootball.az\/mini\/wp-content\/uploads\/2024\/04\/Qalaksi-1-150x150.jpg 150w, https:\/\/minifootball.az\/mini\/wp-content\/uploads\/2024\/04\/Qalaksi-1-768x768.jpg 768w, https:\/\/minifootball.az\/mini\/wp-content\/uploads\/2024\/04\/Qalaksi-1-75x75.jpg 75w, https:\/\/minifootball.az\/mini\/wp-content\/uploads\/2024\/04\/Qalaksi-1.jpg 1417w\" sizes=\"(max-width: 1024px) 100vw, 1024px\" \/><\/figure>\n\n\n\n<figure class=\"wp-block-image size-large\"><img loading=\"lazy\" decoding=\"async\" width=\"1024\" height=\"1024\" data-id=\"152\" src=\"https:\/\/minifootball.az\/mini\/wp-content\/uploads\/2024\/04\/Real-1024x1024.jpg\" alt=\"\" class=\"wp-image-152\" srcset=\"https:\/\/minifootball.az\/mini\/wp-content\/uploads\/2024\/04\/Real-1024x1024.jpg 1024w, https:\/\/minifootball.az\/mini\/wp-content\/uploads\/2024\/04\/Real-300x300.jpg 300w, https:\/\/minifootball.az\/mini\/wp-content\/uploads\/2024\/04\/Real-150x150.jpg 150w, https:\/\/minifootball.az\/mini\/wp-content\/uploads\/2024\/04\/Real-768x768.jpg 768w, https:\/\/minifootball.az\/mini\/wp-content\/uploads\/2024\/04\/Real-75x75.jpg 75w, https:\/\/minifootball.az\/mini\/wp-content\/uploads\/2024\/04\/Real.jpg 1417w\" sizes=\"(max-width: 1024px) 100vw, 1024px\" \/><\/figure>\n\n\n\n<figure class=\"wp-block-image size-large\"><img loading=\"lazy\" decoding=\"async\" width=\"1024\" height=\"1024\" data-id=\"137\" src=\"https:\/\/minifootball.az\/mini\/wp-content\/uploads\/2024\/04\/odlar-Yurdu-1024x1024.jpg\" alt=\"\" class=\"wp-image-137\" srcset=\"https:\/\/minifootball.az\/mini\/wp-content\/uploads\/2024\/04\/odlar-Yurdu-1024x1024.jpg 1024w, https:\/\/minifootball.az\/mini\/wp-content\/uploads\/2024\/04\/odlar-Yurdu-300x300.jpg 300w, https:\/\/minifootball.az\/mini\/wp-content\/uploads\/2024\/04\/odlar-Yurdu-150x150.jpg 150w, https:\/\/minifootball.az\/mini\/wp-content\/uploads\/2024\/04\/odlar-Yurdu-768x768.jpg 768w, https:\/\/minifootball.az\/mini\/wp-content\/uploads\/2024\/04\/odlar-Yurdu-75x75.jpg 75w, https:\/\/minifootball.az\/mini\/wp-content\/uploads\/2024\/04\/odlar-Yurdu.jpg 1417w\" sizes=\"(max-width: 1024px) 100vw, 1024px\" \/><\/figure>\n\n\n\n<figure class=\"wp-block-image size-large\"><img loading=\"lazy\" decoding=\"async\" width=\"1024\" height=\"1024\" data-id=\"135\" src=\"https:\/\/minifootball.az\/mini\/wp-content\/uploads\/2024\/04\/dircelis-1024x1024.jpg\" alt=\"\" class=\"wp-image-135\" srcset=\"https:\/\/minifootball.az\/mini\/wp-content\/uploads\/2024\/04\/dircelis-1024x1024.jpg 1024w, https:\/\/minifootball.az\/mini\/wp-content\/uploads\/2024\/04\/dircelis-300x300.jpg 300w, https:\/\/minifootball.az\/mini\/wp-content\/uploads\/2024\/04\/dircelis-150x150.jpg 150w, https:\/\/minifootball.az\/mini\/wp-content\/uploads\/2024\/04\/dircelis-768x768.jpg 768w, https:\/\/minifootball.az\/mini\/wp-content\/uploads\/2024\/04\/dircelis-75x75.jpg 75w, https:\/\/minifootball.az\/mini\/wp-content\/uploads\/2024\/04\/dircelis.jpg 1417w\" sizes=\"(max-width: 1024px) 100vw, 1024px\" \/><\/figure>\n<\/figure>\n","protected":false},"excerpt":{"rendered":"<p>Federasiyan\u0131n \u0259sas f\u0259aliyy\u0259t istiqam\u0259tl\u0259rind\u0259n biri \u00f6lk\u0259daxili v\u0259 beyn\u0259lxalq yar\u0131\u015flar\u0131n t\u0259\u015fkilidir. Az\u0259rbaycanda minifutbol \u00fczr\u0259 ilk milli \u00e7empionat 2018-ci ild\u0259 ke\u00e7irilib. H\u0259min yar\u0131\u015fda 32 komanda m\u00fcbariz\u0259 apar\u0131b. Haz\u0131rda minifutbol \u00fczr\u0259 Az\u0259rbaycan \u00e7empionat\u0131nda 16 komanda i\u015ftirak edir.<\/p>\n","protected":false},"author":1,"featured_media":47,"parent":0,"menu_order":0,"comment_status":"closed","ping_status":"closed","template":"","meta":{"_siteseo_robots_primary_cat":"","footnotes":""},"class_list":["post-721","page","type-page","status-publish","has-post-thumbnail","hentry"],"_links":{"self":[{"href":"https:\/\/minifootball.az\/mini\/index.php?rest_route=\/wp\/v2\/pages\/721","targetHints":{"allow":["GET"]}}],"collection":[{"href":"https:\/\/minifootball.az\/mini\/index.php?rest_route=\/wp\/v2\/pages"}],"about":[{"href":"https:\/\/minifootball.az\/mini\/index.php?rest_route=\/wp\/v2\/types\/page"}],"author":[{"embeddable":true,"href":"https:\/\/minifootball.az\/mini\/index.php?rest_route=\/wp\/v2\/users\/1"}],"replies":[{"embeddable":true,"href":"https:\/\/minifootball.az\/mini\/index.php?rest_route=%2Fwp%2Fv2%2Fcomments&post=721"}],"version-history":[{"count":2,"href":"https:\/\/minifootball.az\/mini\/index.php?rest_route=\/wp\/v2\/pages\/721\/revisions"}],"predecessor-version":[{"id":725,"href":"https:\/\/minifootball.az\/mini\/index.php?rest_route=\/wp\/v2\/pages\/721\/revisions\/725"}],"wp:featuredmedia":[{"embeddable":true,"href":"https:\/\/minifootball.az\/mini\/index.php?rest_route=\/wp\/v2\/media\/47"}],"wp:attachment":[{"href":"https:\/\/minifootball.az\/mini\/index.php?rest_route=%2Fwp%2Fv2%2Fmedia&parent=721"}],"curies":[{"name":"wp","href":"https:\/\/api.w.org\/{rel}","templated":true}]}}