{"id":731,"date":"2024-05-17T18:08:52","date_gmt":"2024-05-17T14:08:52","guid":{"rendered":"https:\/\/minifootball.az\/mini\/?page_id=731"},"modified":"2024-05-17T18:08:54","modified_gmt":"2024-05-17T14:08:54","slug":"mesqci-heyeti","status":"publish","type":"page","link":"https:\/\/minifootball.az\/mini\/?page_id=731","title":{"rendered":"M\u018f\u015eQ\u00c7\u0130 HEY\u018fT\u0130"},"content":{"rendered":"\n<figure class=\"wp-block-gallery has-nested-images columns-2 is-cropped wp-block-gallery-1 is-layout-flex wp-block-gallery-is-layout-flex\">\n<figure class=\"wp-block-image size-large\"><img fetchpriority=\"high\" decoding=\"async\" width=\"768\" height=\"1024\" data-id=\"556\" src=\"https:\/\/minifootball.az\/mini\/wp-content\/uploads\/2024\/05\/elshad-quliyev-bas-mesh-768x1024.jpeg\" alt=\"\" class=\"wp-image-556\" srcset=\"https:\/\/minifootball.az\/mini\/wp-content\/uploads\/2024\/05\/elshad-quliyev-bas-mesh-768x1024.jpeg 768w, https:\/\/minifootball.az\/mini\/wp-content\/uploads\/2024\/05\/elshad-quliyev-bas-mesh-225x300.jpeg 225w, https:\/\/minifootball.az\/mini\/wp-content\/uploads\/2024\/05\/elshad-quliyev-bas-mesh-1152x1536.jpeg 1152w, https:\/\/minifootball.az\/mini\/wp-content\/uploads\/2024\/05\/elshad-quliyev-bas-mesh-1536x2048.jpeg 1536w, https:\/\/minifootball.az\/mini\/wp-content\/uploads\/2024\/05\/elshad-quliyev-bas-mesh-scaled.jpeg 1920w\" sizes=\"(max-width: 768px) 100vw, 768px\" \/><figcaption class=\"wp-element-caption\"><strong><mark style=\"background-color:#cf2e2e\" class=\"has-inline-color has-white-color\">El\u015fad Quliyev&nbsp; Ba\u015f m\u0259\u015fq\u00e7i<\/mark><\/strong><\/figcaption><\/figure>\n\n\n\n<figure class=\"wp-block-image size-large\"><img decoding=\"async\" data-id=\"551\" src=\"https:\/\/minifootball.az\/mini\/wp-content\/uploads\/2024\/05\/1-ali-muradov-768x1024.jpeg\" alt=\"\" class=\"wp-image-551\"\/><figcaption class=\"wp-element-caption\"><strong><mark style=\"background-color:#cf2e2e\" class=\"has-inline-color has-white-color\">\u018fli Muradov&nbsp;&nbsp;&nbsp; M\u0259\u015fq\u00e7i<\/mark><\/strong><\/figcaption><\/figure>\n\n\n\n<figure class=\"wp-block-image size-large\"><img decoding=\"async\" width=\"768\" height=\"1024\" data-id=\"575\" src=\"https:\/\/minifootball.az\/mini\/wp-content\/uploads\/2024\/05\/ramin-hesenzade-768x1024.jpg\" alt=\"\" class=\"wp-image-575\" srcset=\"https:\/\/minifootball.az\/mini\/wp-content\/uploads\/2024\/05\/ramin-hesenzade-768x1024.jpg 768w, https:\/\/minifootball.az\/mini\/wp-content\/uploads\/2024\/05\/ramin-hesenzade-225x300.jpg 225w, https:\/\/minifootball.az\/mini\/wp-content\/uploads\/2024\/05\/ramin-hesenzade.jpg 800w\" sizes=\"(max-width: 768px) 100vw, 768px\" \/><figcaption class=\"wp-element-caption\"><strong><mark style=\"background-color:#cf2e2e\" class=\"has-inline-color has-white-color\">Ramin H\u0259s\u0259nzad\u0259&nbsp; &#8211; m\u0259\u015fq\u00e7i<\/mark><\/strong><\/figcaption><\/figure>\n\n\n\n<figure class=\"wp-block-image size-full\"><img decoding=\"async\" width=\"800\" height=\"1014\" data-id=\"577\" src=\"https:\/\/minifootball.az\/mini\/wp-content\/uploads\/2024\/05\/serxan-mesdiyev.jpg\" alt=\"\" class=\"wp-image-577\" srcset=\"https:\/\/minifootball.az\/mini\/wp-content\/uploads\/2024\/05\/serxan-mesdiyev.jpg 800w, https:\/\/minifootball.az\/mini\/wp-content\/uploads\/2024\/05\/serxan-mesdiyev-237x300.jpg 237w, https:\/\/minifootball.az\/mini\/wp-content\/uploads\/2024\/05\/serxan-mesdiyev-768x973.jpg 768w\" sizes=\"(max-width: 800px) 100vw, 800px\" \/><figcaption class=\"wp-element-caption\"><strong><mark style=\"background-color:#cf2e2e\" class=\"has-inline-color has-white-color\">S\u0259rxan M\u0259stiyev \u2013 m\u0259\u015fq\u00e7i<\/mark><\/strong><\/figcaption><\/figure>\n\n\n\n<figure class=\"wp-block-image size-large\"><img loading=\"lazy\" decoding=\"async\" width=\"729\" height=\"1024\" data-id=\"621\" src=\"https:\/\/minifootball.az\/mini\/wp-content\/uploads\/2024\/05\/namiq-shaxmemmedov-1-729x1024.jpg\" alt=\"\" class=\"wp-image-621\" srcset=\"https:\/\/minifootball.az\/mini\/wp-content\/uploads\/2024\/05\/namiq-shaxmemmedov-1-729x1024.jpg 729w, https:\/\/minifootball.az\/mini\/wp-content\/uploads\/2024\/05\/namiq-shaxmemmedov-1-214x300.jpg 214w, https:\/\/minifootball.az\/mini\/wp-content\/uploads\/2024\/05\/namiq-shaxmemmedov-1-768x1079.jpg 768w, https:\/\/minifootball.az\/mini\/wp-content\/uploads\/2024\/05\/namiq-shaxmemmedov-1.jpg 800w\" sizes=\"(max-width: 729px) 100vw, 729px\" \/><figcaption class=\"wp-element-caption\"><strong><mark style=\"background-color:#cf2e2e\" class=\"has-inline-color has-white-color\">Namiq \u015eahm\u0259mm\u0259dov \u0130nzibat\u00e7\u0131<\/mark><\/strong><\/figcaption><\/figure>\n\n\n\n<figure class=\"wp-block-image size-large\"><img loading=\"lazy\" decoding=\"async\" width=\"774\" height=\"1024\" data-id=\"619\" src=\"https:\/\/minifootball.az\/mini\/wp-content\/uploads\/2024\/05\/ruslan-huseynov-hekim-774x1024.jpg\" alt=\"\" class=\"wp-image-619\" srcset=\"https:\/\/minifootball.az\/mini\/wp-content\/uploads\/2024\/05\/ruslan-huseynov-hekim-774x1024.jpg 774w, https:\/\/minifootball.az\/mini\/wp-content\/uploads\/2024\/05\/ruslan-huseynov-hekim-227x300.jpg 227w, https:\/\/minifootball.az\/mini\/wp-content\/uploads\/2024\/05\/ruslan-huseynov-hekim-768x1016.jpg 768w, https:\/\/minifootball.az\/mini\/wp-content\/uploads\/2024\/05\/ruslan-huseynov-hekim.jpg 800w\" sizes=\"(max-width: 774px) 100vw, 774px\" \/><figcaption class=\"wp-element-caption\"><strong><mark style=\"background-color:#cf2e2e\" class=\"has-inline-color has-white-color\">Ruslan H\u00fcseynov&nbsp; &#8211; H\u0259kim<\/mark><\/strong><\/figcaption><\/figure>\n\n\n\n<figure class=\"wp-block-image size-large\"><img loading=\"lazy\" decoding=\"async\" width=\"753\" height=\"1024\" data-id=\"620\" src=\"https:\/\/minifootball.az\/mini\/wp-content\/uploads\/2024\/05\/behruz-talibli-massaj-753x1024.jpg\" alt=\"\" class=\"wp-image-620\" srcset=\"https:\/\/minifootball.az\/mini\/wp-content\/uploads\/2024\/05\/behruz-talibli-massaj-753x1024.jpg 753w, https:\/\/minifootball.az\/mini\/wp-content\/uploads\/2024\/05\/behruz-talibli-massaj-221x300.jpg 221w, https:\/\/minifootball.az\/mini\/wp-content\/uploads\/2024\/05\/behruz-talibli-massaj-768x1044.jpg 768w, https:\/\/minifootball.az\/mini\/wp-content\/uploads\/2024\/05\/behruz-talibli-massaj.jpg 800w\" sizes=\"(max-width: 753px) 100vw, 753px\" \/><figcaption class=\"wp-element-caption\"><strong><mark style=\"background-color:#cf2e2e\" class=\"has-inline-color has-white-color\">B\u0259hruz Tal\u0131bl\u0131 Masaj\u00e7\u0131<\/mark><\/strong><\/figcaption><\/figure>\n\n\n\n<figure class=\"wp-block-image size-full\"><img loading=\"lazy\" decoding=\"async\" width=\"800\" height=\"1016\" data-id=\"624\" src=\"https:\/\/minifootball.az\/mini\/wp-content\/uploads\/2024\/05\/000.jpg\" alt=\"\" class=\"wp-image-624\" srcset=\"https:\/\/minifootball.az\/mini\/wp-content\/uploads\/2024\/05\/000.jpg 800w, https:\/\/minifootball.az\/mini\/wp-content\/uploads\/2024\/05\/000-236x300.jpg 236w, https:\/\/minifootball.az\/mini\/wp-content\/uploads\/2024\/05\/000-768x975.jpg 768w\" sizes=\"(max-width: 800px) 100vw, 800px\" \/><\/figure>\n<\/figure>\n\n\n\n<figure class=\"wp-block-gallery has-nested-images columns-default is-cropped wp-block-gallery-2 is-layout-flex wp-block-gallery-is-layout-flex\"><\/figure>\n","protected":false},"excerpt":{"rendered":"","protected":false},"author":1,"featured_media":0,"parent":0,"menu_order":0,"comment_status":"closed","ping_status":"closed","template":"","meta":{"_siteseo_robots_primary_cat":"","footnotes":""},"class_list":["post-731","page","type-page","status-publish","hentry"],"_links":{"self":[{"href":"https:\/\/minifootball.az\/mini\/index.php?rest_route=\/wp\/v2\/pages\/731","targetHints":{"allow":["GET"]}}],"collection":[{"href":"https:\/\/minifootball.az\/mini\/index.php?rest_route=\/wp\/v2\/pages"}],"about":[{"href":"https:\/\/minifootball.az\/mini\/index.php?rest_route=\/wp\/v2\/types\/page"}],"author":[{"embeddable":true,"href":"https:\/\/minifootball.az\/mini\/index.php?rest_route=\/wp\/v2\/users\/1"}],"replies":[{"embeddable":true,"href":"https:\/\/minifootball.az\/mini\/index.php?rest_route=%2Fwp%2Fv2%2Fcomments&post=731"}],"version-history":[{"count":1,"href":"https:\/\/minifootball.az\/mini\/index.php?rest_route=\/wp\/v2\/pages\/731\/revisions"}],"predecessor-version":[{"id":734,"href":"https:\/\/minifootball.az\/mini\/index.php?rest_route=\/wp\/v2\/pages\/731\/revisions\/734"}],"wp:attachment":[{"href":"https:\/\/minifootball.az\/mini\/index.php?rest_route=%2Fwp%2Fv2%2Fmedia&parent=731"}],"curies":[{"name":"wp","href":"https:\/\/api.w.org\/{rel}","templated":true}]}}